{"id":6745,"date":"2024-12-05T12:00:05","date_gmt":"2024-12-05T12:00:05","guid":{"rendered":"https:\/\/funnelsynergy.io\/privacy-statement-eu\/"},"modified":"2025-02-10T15:29:51","modified_gmt":"2025-02-10T15:29:51","slug":"privacy-statement-eu","status":"publish","type":"page","link":"https:\/\/solumflow.com\/en\/privacy-statement-eu\/","title":{"rendered":"Privacy Policy"},"content":{"rendered":"<div data-elementor-type=\"wp-page\" data-elementor-id=\"6745\" class=\"elementor elementor-6745\" data-elementor-post-type=\"page\">\n\t\t\t\t<div class=\"elementor-element elementor-element-376a63f5 e-flex e-con-boxed e-con e-parent\" data-id=\"376a63f5\" data-element_type=\"container\" data-e-type=\"container\">\n\t\t\t\t\t<div class=\"e-con-inner\">\n\t\t\t\t<div class=\"elementor-element elementor-element-ae48064 elementor-widget elementor-widget-text-editor\" data-id=\"ae48064\" data-element_type=\"widget\" data-e-type=\"widget\" data-widget_type=\"text-editor.default\">\n\t\t\t\t\t\t\t\t\t<p>SolumFlow understands that your privacy is important to you. We are committed to maintaining the privacy of your personally identifiable information.<br \/>protect while you use this website. This privacy policy tells you how we protect and use the information we collect from you. By using this Web site, you agree to the terms described in the most current version of this privacy policy. You should also read our Terms of Use to understand the general rules about your use of this Web site, and any additional terms that may apply when you access certain services or materials on certain parts of this Web site. \u00e2We\u00e2 means \u00e2our\u00e2 means SolumFlow and its subsidiaries. \u00e2You\u00e2, \u00e2your\u00e2, visitor\u00e2or\u00e2 user\u00e2means the person visiting this site.<\/p><p>\u00a0<\/p><p><strong>PERSONAL AND NON-PERSONAL INFORMATION<\/strong><br \/>Our privacy policy describes how we handle your personal and<br \/>non-personal information.\u00a0 \u00a0<\/p><p>\u00a0<\/p><p><strong>WHAT IS NON-PERSONAL INFORMATION AND HOW IS IT<\/strong><br \/><strong>COLLECTED AND USED?<\/strong><br \/>Non-personal information is information that cannot identify you. If you visit this website to read information, such as information about<br \/>any of our services, we may collect certain non-personal information about you through your computer's web browser. Because non-personal information cannot identify you or be linked to you in any way, there are no restrictions on how we may use or share non-personal information. What is personal information and how is it collected? Personal information is information that identifies you as an individual, such as your name, mailing address, e-mail address, telephone number and fax number. We may collect on<br \/>different ways to collect personal information from you:<br \/><br \/><\/p><ul><li>When you send us an application or other form<\/li><li>When you engage in a transaction with us, our affiliates or others<\/li><li>When we collect information about you to support a transaction, such as a credit card information.<\/li><\/ul><p><br \/><strong>ARE COOKIES OR OTHER TECHNOLOGIES USED TO COLLECT PERSONAL INFORMATION?<\/strong><br \/>Yes, we may use cookies and related technologies, such as web beacons, to collect information on our website. A cookie is a text file placed on your hard drive by a Web page server. Cookies cannot be used to run programs or deliver viruses to your computer. Cookies are uniquely assigned to you and can only be read by a Web server in the domain that issued the cookie to you. One of the main purposes of cookies is to provide a convenience feature to save you time. The purpose of a cookie is to let the Web server know that you have returned to a specific page. For example, if you register with us, a cookie helps SolumFlow remember certain information about you for subsequent visits. This simplifies the process of recording your personal information, such as billing addresses, shipping addresses, and so on. When you return to the same SolumFlow<br \/>-website, the information previously provided can be retrieved so that you can easily use the features you customized. A Web beacon is a small graphic image that allows the party setting up the Web beacon to monitor and collect certain information about the visitor to the Web page, Web document or e-mail message, such as the type of browser accessing the Web . . beacon, the IP address of the computer to which the Web beacon was sent, and the time the Web beacon was viewed. Web beacons can be very small and invisible to the user, but in general, any electronic image viewed as part of a Web page or e-mail, including HTML-based content, can act as a Web beacon. We may use web beacons to count visitors to web pages on the website or to track how our users navigate the website, and we may include web beacons in e-mail messages to count how many messages sent were actually opened, acted upon or forwarded. Third-party vendors may also use cookies on our Web site. For example, we may contract with third-party vendors who use cookies on<br \/>will use our website to track anonymous statistical information about the usage and volume of our visitors and members, and<br \/>analyze. Such information is shared externally only on an anonymous, aggregated basis. These third parties use<br \/>permanent cookies to help us improve the visitor experience.<br \/>improve, manage the content of our site and track visitor behavior.<br \/>To help measure and improve the effectiveness of our email communications, the third party places cookies. All data provided by<br \/>this third party.<\/p><p>\u00a0<\/p><p><br \/><strong>LEFT<\/strong><br \/>This site contains links to other sites that provide information that we<br \/>find interesting. SolumFlow is not responsible for the<br \/>privacy policies or the content of such websites.<\/p><p>\u00a0<\/p><p><strong>PUBLIC DISCUSSIONS<\/strong><br \/>This site may offer public discussions on various business valuation topics. Please note that all<br \/>information you post in these threads is public, so do not post sensitive information in the public threads. Every time you<br \/>information online, that information may be collected and used by others. We are not responsible for any actions or policies of third parties that collect information that users disclose in such forums on the website. SolumFlow does not agree<br \/>or disagree with anything posted on the discussion board. Please also remember to adhere to our other posted policies regarding<br \/>posts on our public forums.<\/p><p><br \/><strong>HOW CAN A USER ACCESS, MODIFY AND\/OR DELETE PERSONAL DATA?<\/strong><br \/>You may view, correct, update and\/or delete any personally identifiable information you post on the Web site. The Web site also allows you to unsubscribe from mailing lists or subscriptions. To do so, please follow the instructions on the website page where you provided such information, or subscribe or register, or contact us at info@funnelsynergy.io.<br \/><br \/><strong>PRIVACY OF CHILDREN<\/strong><br \/>SolumFlow does not knowingly collect personal information (such as a child's name or email address) from children under the age of 13. If you believe we have collected personal information from a child under the age of 13, please contact us.<\/p><p><br \/><strong>CHANGES<\/strong><br \/>SolumFlow reserves the right to change this statement at any time. Any changes to this privacy policy will be noted in this section, and if such changes are material, a notice will be posted on the home page of the website for a period of time. If you have any questions about privacy on websites operated by SolumFlow or our website practices, please contact us at: info@funnelsynergy.io<\/p>\t\t\t\t\t\t\t\t<\/div>\n\t\t\t\t\t<\/div>\n\t\t\t\t<\/div>\n\t\t\t\t<\/div>","protected":false},"excerpt":{"rendered":"<p>SolumFlow begrijpt dat uw privacy belangrijk voor u is. We doen er alles aan om de privacy van uw persoonlijk identificeerbare informatiete [&hellip;]<\/p>\n","protected":false},"author":1,"featured_media":0,"parent":0,"menu_order":0,"comment_status":"closed","ping_status":"closed","template":"","meta":{"uix_meta_title":"","uix_meta_description":"","uix_canonical_url":"","footnotes":""},"rightplace-folders":[],"page-categories":[],"class_list":["post-6745","page","type-page","status-publish","hentry"],"_links":{"self":[{"href":"https:\/\/solumflow.com\/en\/wp-json\/wp\/v2\/pages\/6745","targetHints":{"allow":["GET"]}}],"collection":[{"href":"https:\/\/solumflow.com\/en\/wp-json\/wp\/v2\/pages"}],"about":[{"href":"https:\/\/solumflow.com\/en\/wp-json\/wp\/v2\/types\/page"}],"author":[{"embeddable":true,"href":"https:\/\/solumflow.com\/en\/wp-json\/wp\/v2\/users\/1"}],"replies":[{"embeddable":true,"href":"https:\/\/solumflow.com\/en\/wp-json\/wp\/v2\/comments?post=6745"}],"version-history":[{"count":0,"href":"https:\/\/solumflow.com\/en\/wp-json\/wp\/v2\/pages\/6745\/revisions"}],"wp:attachment":[{"href":"https:\/\/solumflow.com\/en\/wp-json\/wp\/v2\/media?parent=6745"}],"wp:term":[{"taxonomy":"rightplace_folder","embeddable":true,"href":"https:\/\/solumflow.com\/en\/wp-json\/wp\/v2\/rightplace-folders?post=6745"},{"taxonomy":"rightplace_page_category","embeddable":true,"href":"https:\/\/solumflow.com\/en\/wp-json\/wp\/v2\/page-categories?post=6745"}],"curies":[{"name":"wp","href":"https:\/\/api.w.org\/{rel}","templated":true}]}}